{"id":1368,"date":"2022-05-12T14:02:22","date_gmt":"2022-05-12T12:02:22","guid":{"rendered":"https:\/\/cie-nacerabelaza.com\/residencies-and-sharing\/courses-and-workshops\/"},"modified":"2022-06-17T14:03:35","modified_gmt":"2022-06-17T12:03:35","slug":"courses-and-workshops","status":"publish","type":"page","link":"https:\/\/cie-nacerabelaza.com\/en\/residencies-and-sharing\/courses-and-workshops\/","title":{"rendered":"Workshops and transmission"},"content":{"rendered":"<div class=\"wpb-content-wrapper\"><p>[vc_row padding_top_multiplier=&#8221;2x&#8221; padding_bottom_multiplier=&#8221;2x&#8221; rc_bg_type=&#8221;color&#8221; rc_bg_color=&#8221;#ffffff&#8221;][vc_column]<h1 class=\"grve-element grve-title grve-align-inherit grve-h3\"><span>Workshops &amp; transmission<\/span><\/h1>[vc_column_text]For Nacera Belaza, creation and awareness-raising are part of the same artistic process. It is through these two aspects that she has built her research, perpetually associating and linking creation with artistic actions. Throughout the last twenty years, the choreographer has drawn from these actions to create her pieces and the dialogue with the other has always nourished her work through a virtuous exchange in which the artist and the audience contribute to each other.<\/p>\n<p>The choreographer&#8217;s creative cycle regularly alternates between a year of creation and a year of research, a time of reflection, maturation and inspiration that has taken the form of workshops in recent years. The choreographer meets regularly with groups of dancers and amateurs with whom she explores new material and questions her own way of thinking and creating.<\/p>\n<p>Open to all in the form of practice workshops or master classes, the aim is to introduce participants to a body language. From spectator, one becomes a dancer and through this real practice of the body, one measures the distance between what one perceives and what one experiences. This distance makes it possible to adjust one&#8217;s gaze and to understand what is at stake on the stage. The workshops are based on Nacera Belaza&#8217;s own research objects: &#8220;To seek movement within oneself, a movement that is not controlled and not constrained, a free and open movement. To have a neutral body available to listen to the space around it. To feel the space, to appropriate it and to invest it.&#8221;[\/vc_column_text][\/vc_column][\/vc_row][vc_row][vc_column]<h3 class=\"grve-element grve-title grve-align-inherit grve-h3\"><span>Calendar<\/span><\/h3>[vc_column_text]<div id=\"vsel\" class=\"vsel-shortcode vsel-shortcode-upcoming-events\"><p class=\"vsel-no-events\">No events are found.<\/p><\/div>[\/vc_column_text][\/vc_column][\/vc_row][vc_row padding_top_multiplier=&#8221;2x&#8221; rc_bg_type=&#8221;color&#8221; rc_bg_color=&#8221;#ffffff&#8221;][vc_column]<h3 class=\"grve-element grve-title grve-align-inherit grve-h3\"><span>Actions from 2011 to 2021<\/span><\/h3><h3 class=\"grve-element grve-title grve-align-inherit grve-subtitle-text\"><span>Research workshops for professional dancers<\/span><\/h3>[vc_column_text css=&#8221;.vc_custom_1652359349707{padding-bottom: 15px !important;}&#8221;]MC93 &#8211; Bobigny, Points communs Cergy Val d&#8217;Oise, Chaillot &#8211; Th\u00e9\u00e2tre National de la danse, Centre National de la Danse, Pantin, T2G &#8211; Th\u00e9\u00e2tre de Gennevilliers, Th\u00e9\u00e2tre de la Cit\u00e9 Internationale &#8211; Paris[\/vc_column_text]<h3 class=\"grve-element grve-title grve-align-inherit grve-subtitle-text\"><span>Workshops and courses for amateurs<\/span><\/h3>[vc_column_text css=&#8221;.vc_custom_1652358715125{padding-bottom: 15px !important;}&#8221;]MC93 &#8211; Bobigny, Points communs Cergy Val d&#8217;Oise, T2G &#8211; Th\u00e9\u00e2tre de Gennevilliers, CCN Montpellier, Man\u00e8ge sc\u00e8ne nationale de Reims, Th\u00e9\u00e2tre de la Cit\u00e9 Internationale &#8211; Paris, Coda Festival, Oslo, Portland Institute of Contemporary Art, Danspace Projet &#8211; New York, Collectif 12 &#8211; Mantes-la-Jolie, Bolzano Dance Festival, CNDC &#8211; Angers, CCN -Ballet de Lorraine, Le Gymnase &#8211; CDCN Roubaix, La Passerelle &#8211; sc\u00e8ne nationale de St-Brieuc, CCN d\u2019Aix-en-Provence, Le Lieu Unique &#8211; Nantes[\/vc_column_text]<h3 class=\"grve-element grve-title grve-align-inherit grve-subtitle-text\"><span>Choreographic workshops, master classes and interventions in schools, high schools and universities<\/span><\/h3>[vc_column_text css=&#8221;.vc_custom_1652358720992{padding-bottom: 15px !important;}&#8221;]MC93 &#8211; Bobigny, CNDC &#8211; Angers, Collectif 12 &#8211; Mantes-la-Jolie, Creat&#8217;Yve, CCN Orl\u00e9ans, Festival d&#8217;Automne \u00e0 Paris, Facult\u00e9 des langues, lettres et arts d&#8217;Oran, Accademia Nazionale di Danza di Roma, Biennale Danza Venezia, Centre de Formation professionnelle Coline, Universit\u00e9 de Grenoble[\/vc_column_text]<h3 class=\"grve-element grve-title grve-align-inherit grve-subtitle-text\"><span>Body practice workshops for remote audiences<\/span><\/h3>[vc_column_text]Institut m\u00e9dico-\u00e9ducatif Ladoucette &#8211; Drancy, Maison d\u2019arr\u00eat de Versailles, Collectif de femmes du Centre Social de Bobigny, Collectif de femmes du centre social La Maison des Tilleuls &#8211; Yvelines, Institut de formation en soins infirmiers de Mantes-la-Jolie[\/vc_column_text][\/vc_column][\/vc_row][vc_row rc_bg_type=&#8221;color&#8221; rc_bg_color=&#8221;#ffffff&#8221;][vc_column]<div class=\"grve-element grve-image grve-align-center grve-image-space-100 grve-image-expand-width\">\r\n\t<div class=\"grve-image-item\">\r\n\t\t\r\n\r\n<div class=\"grve-image-wrapper grve-no-effect\">\r\n\t\t<div class=\"grve-thumbnail-wrapper\"><div class=\"grve-thumbnail\"  style=\"padding-top: 75%;\"><img loading=\"lazy\" decoding=\"async\" width=\"560\" height=\"420\" src=\"https:\/\/cie-nacerabelaza.com\/wp-content\/uploads\/2022\/06\/Ateliers-et-transmission-2-560x420.jpg\" class=\"attachment-impeka-grve-small-rect-horizontal size-impeka-grve-small-rect-horizontal\" alt=\"Ateliers et transmission-2\" data-column-space=\"100\" data-lazyload=\"\" data-grve-filter=\"yes\" srcset=\"https:\/\/cie-nacerabelaza.com\/wp-content\/uploads\/2022\/06\/Ateliers-et-transmission-2-560x420.jpg 560w, https:\/\/cie-nacerabelaza.com\/wp-content\/uploads\/2022\/06\/Ateliers-et-transmission-2-900x675.jpg 900w\" sizes=\"auto, (max-width: 560px) 100vw, 560px\" \/><\/div><\/div>\t<\/div>\r\n\t<\/div>\r\n<\/div>\r\n[\/vc_column][\/vc_row][vc_row padding_bottom_multiplier=&#8221;2x&#8221; rc_bg_type=&#8221;color&#8221; rc_bg_color=&#8221;#ffffff&#8221;][vc_column width=&#8221;1\/4&#8243;][\/vc_column][vc_column width=&#8221;1\/2&#8243; text_align=&#8221;center&#8221;]<h4 class=\"grve-element grve-title grve-align-inherit grve-h6\"><span>Archives<\/span><\/h4>[vc_column_text css=&#8221;.vc_custom_1655467210022{border-top-width: 1px !important;border-right-width: 1px !important;border-bottom-width: 1px !important;border-left-width: 1px !important;padding-top: 15px !important;padding-bottom: 15px !important;border-left-color: #cccccc !important;border-left-style: solid !important;border-right-color: #cccccc !important;border-right-style: solid !important;border-top-color: #cccccc !important;border-top-style: solid !important;border-bottom-color: #cccccc !important;border-bottom-style: solid !important;}&#8221;]<a href=\"https:\/\/www.dropbox.com\/s\/pgm4jlx7cwgl6hm\/2010-2011.pdf?dl=0\" target=\"_blank\" rel=\"noopener\"><span style=\"text-decoration: underline;\">2010 &#8211; 2011<\/span><\/a>[\/vc_column_text][vc_column_text css=&#8221;.vc_custom_1655467234825{border-right-width: 1px !important;border-bottom-width: 1px !important;border-left-width: 1px !important;padding-top: 15px !important;padding-bottom: 15px !important;border-left-color: #cccccc !important;border-left-style: solid !important;border-right-color: #cccccc !important;border-right-style: solid !important;border-bottom-color: #cccccc !important;border-bottom-style: solid !important;}&#8221;]<a href=\"https:\/\/www.dropbox.com\/s\/e124kkav5iphz0v\/2011-2012.pdf?dl=0\" target=\"_blank\" rel=\"noopener\"><span style=\"text-decoration: underline;\">2011 &#8211; 2012<\/span><\/a>[\/vc_column_text][vc_column_text css=&#8221;.vc_custom_1655467267039{border-right-width: 1px !important;border-bottom-width: 1px !important;border-left-width: 1px !important;padding-top: 15px !important;padding-bottom: 15px !important;border-left-color: #cccccc !important;border-left-style: solid !important;border-right-color: #cccccc !important;border-right-style: solid !important;border-bottom-color: #cccccc !important;border-bottom-style: solid !important;}&#8221;]<a href=\"https:\/\/www.dropbox.com\/s\/xtjgondyjl0u9pj\/2013-2014.pdf?dl=0\" target=\"_blank\" rel=\"noopener\"><span style=\"text-decoration: underline;\">2013 &#8211; 2014<\/span><\/a>[\/vc_column_text][vc_column_text css=&#8221;.vc_custom_1655467290131{border-right-width: 1px !important;border-bottom-width: 1px !important;border-left-width: 1px !important;padding-top: 15px !important;padding-bottom: 15px !important;border-left-color: #cccccc !important;border-left-style: solid !important;border-right-color: #cccccc !important;border-right-style: solid !important;border-bottom-color: #cccccc !important;border-bottom-style: solid !important;}&#8221;]<a href=\"https:\/\/www.dropbox.com\/s\/xtjgondyjl0u9pj\/2013-2014.pdf?dl=0\" target=\"_blank\" rel=\"noopener\"><span style=\"text-decoration: underline;\">2015 &#8211; 2016<\/span><\/a>[\/vc_column_text][\/vc_column][vc_column width=&#8221;1\/4&#8243;][\/vc_column][\/vc_row][vc_row rc_bg_type=&#8221;color&#8221; mobile_columns_vertical_gap=&#8221;none&#8221;][vc_column]<div class=\"grve-element grve-align-center\" style=\"margin-bottom: 5px;\"><a href=\"https:\/\/cie-nacerabelaza.com\/en\/residencies-and-sharing\/\" title=\"Residencies and sharing\" class=\"grve-btn-text grve-btn-line grve-line-bottom-advanced grve-text-black grve-text-hover-black grve-btn-medium\">\r\n\t\t<div class=\"grve-btn-inner\">\r\n\t\t<span>Residencies and sharing<\/span>\r\n\t\t\t<span class=\"grve-line grve-bg-black\"><\/span>\r\n\t\t\t\t\t\t\t<\/div>\r\n\t<\/a><\/div>[\/vc_column][\/vc_row]<\/p>\n<\/div>","protected":false},"excerpt":{"rendered":"<p>[vc_row padding_top_multiplier=&#8221;2x&#8221; padding_bottom_multiplier=&#8221;2x&#8221; rc_bg_type=&#8221;color&#8221; rc_bg_color=&#8221;#ffffff&#8221;][vc_column][vc_column_text]For Nacera Belaza, creation and awareness-raising are part of the same artistic process. It is through these two aspects that she has built her research, perpetually associating and linking creation with artistic actions. Throughout the last twenty years, the choreographer has drawn from these actions to create her pieces and the [&hellip;]<\/p>\n","protected":false},"author":1,"featured_media":0,"parent":1365,"menu_order":0,"comment_status":"closed","ping_status":"closed","template":"","meta":{"footnotes":""},"class_list":["post-1368","page","type-page","status-publish","hentry","grve-entry-item"],"yoast_head":"<!-- This site is optimized with the Yoast SEO plugin v26.9 - https:\/\/yoast.com\/product\/yoast-seo-wordpress\/ -->\n<title>Workshops and transmission - Compagnie Nacera Belaza<\/title>\n<meta name=\"robots\" content=\"index, follow, max-snippet:-1, max-image-preview:large, max-video-preview:-1\" \/>\n<link rel=\"canonical\" href=\"https:\/\/cie-nacerabelaza.com\/en\/residencies-and-sharing\/courses-and-workshops\/\" \/>\n<meta property=\"og:locale\" content=\"en_US\" \/>\n<meta property=\"og:type\" content=\"article\" \/>\n<meta property=\"og:title\" content=\"Workshops and transmission - Compagnie Nacera Belaza\" \/>\n<meta property=\"og:description\" content=\"[vc_row padding_top_multiplier=&#8221;2x&#8221; padding_bottom_multiplier=&#8221;2x&#8221; rc_bg_type=&#8221;color&#8221; rc_bg_color=&#8221;#ffffff&#8221;][vc_column][vc_column_text]For Nacera Belaza, creation and awareness-raising are part of the same artistic process. It is through these two aspects that she has built her research, perpetually associating and linking creation with artistic actions. Throughout the last twenty years, the choreographer has drawn from these actions to create her pieces and the [&hellip;]\" \/>\n<meta property=\"og:url\" content=\"https:\/\/cie-nacerabelaza.com\/en\/residencies-and-sharing\/courses-and-workshops\/\" \/>\n<meta property=\"og:site_name\" content=\"Compagnie Nacera Belaza\" \/>\n<meta property=\"article:publisher\" content=\"https:\/\/www.facebook.com\/cienacera.belaza\" \/>\n<meta property=\"article:modified_time\" content=\"2022-06-17T12:03:35+00:00\" \/>\n<meta property=\"og:image\" content=\"https:\/\/cie-nacerabelaza.com\/wp-content\/uploads\/2022\/03\/creation22\u00a9Laurent-Philippe.jpeg\" \/>\n\t<meta property=\"og:image:width\" content=\"1920\" \/>\n\t<meta property=\"og:image:height\" content=\"1807\" \/>\n\t<meta property=\"og:image:type\" content=\"image\/jpeg\" \/>\n<meta name=\"twitter:card\" content=\"summary_large_image\" \/>\n<meta name=\"twitter:label1\" content=\"Est. reading time\" \/>\n\t<meta name=\"twitter:data1\" content=\"5 minutes\" \/>\n<script type=\"application\/ld+json\" class=\"yoast-schema-graph\">{\"@context\":\"https:\/\/schema.org\",\"@graph\":[{\"@type\":\"WebPage\",\"@id\":\"https:\/\/cie-nacerabelaza.com\/en\/residencies-and-sharing\/courses-and-workshops\/\",\"url\":\"https:\/\/cie-nacerabelaza.com\/en\/residencies-and-sharing\/courses-and-workshops\/\",\"name\":\"Workshops and transmission - Compagnie Nacera Belaza\",\"isPartOf\":{\"@id\":\"https:\/\/cie-nacerabelaza.com\/#website\"},\"datePublished\":\"2022-05-12T12:02:22+00:00\",\"dateModified\":\"2022-06-17T12:03:35+00:00\",\"breadcrumb\":{\"@id\":\"https:\/\/cie-nacerabelaza.com\/en\/residencies-and-sharing\/courses-and-workshops\/#breadcrumb\"},\"inLanguage\":\"en-US\",\"potentialAction\":[{\"@type\":\"ReadAction\",\"target\":[\"https:\/\/cie-nacerabelaza.com\/en\/residencies-and-sharing\/courses-and-workshops\/\"]}]},{\"@type\":\"BreadcrumbList\",\"@id\":\"https:\/\/cie-nacerabelaza.com\/en\/residencies-and-sharing\/courses-and-workshops\/#breadcrumb\",\"itemListElement\":[{\"@type\":\"ListItem\",\"position\":1,\"name\":\"Accueil\",\"item\":\"https:\/\/cie-nacerabelaza.com\/en\/\"},{\"@type\":\"ListItem\",\"position\":2,\"name\":\"Residencies and sharing\",\"item\":\"https:\/\/cie-nacerabelaza.com\/en\/residencies-and-sharing\/\"},{\"@type\":\"ListItem\",\"position\":3,\"name\":\"Workshops and transmission\"}]},{\"@type\":\"WebSite\",\"@id\":\"https:\/\/cie-nacerabelaza.com\/#website\",\"url\":\"https:\/\/cie-nacerabelaza.com\/\",\"name\":\"Compagnie Nacera Belaza\",\"description\":\"Chor\u00e9graphe\",\"publisher\":{\"@id\":\"https:\/\/cie-nacerabelaza.com\/#organization\"},\"potentialAction\":[{\"@type\":\"SearchAction\",\"target\":{\"@type\":\"EntryPoint\",\"urlTemplate\":\"https:\/\/cie-nacerabelaza.com\/?s={search_term_string}\"},\"query-input\":{\"@type\":\"PropertyValueSpecification\",\"valueRequired\":true,\"valueName\":\"search_term_string\"}}],\"inLanguage\":\"en-US\"},{\"@type\":\"Organization\",\"@id\":\"https:\/\/cie-nacerabelaza.com\/#organization\",\"name\":\"Compagnie Nacera Belaza\",\"url\":\"https:\/\/cie-nacerabelaza.com\/\",\"logo\":{\"@type\":\"ImageObject\",\"inLanguage\":\"en-US\",\"@id\":\"https:\/\/cie-nacerabelaza.com\/#\/schema\/logo\/image\/\",\"url\":\"https:\/\/cie-nacerabelaza.com\/wp-content\/uploads\/2022\/03\/Portrait-Nacera-Belaza-\u00a9-Isabelle-Levy-Lehmann-Version-3.jpg\",\"contentUrl\":\"https:\/\/cie-nacerabelaza.com\/wp-content\/uploads\/2022\/03\/Portrait-Nacera-Belaza-\u00a9-Isabelle-Levy-Lehmann-Version-3.jpg\",\"width\":1024,\"height\":683,\"caption\":\"Compagnie Nacera Belaza\"},\"image\":{\"@id\":\"https:\/\/cie-nacerabelaza.com\/#\/schema\/logo\/image\/\"},\"sameAs\":[\"https:\/\/www.facebook.com\/cienacera.belaza\",\"https:\/\/www.instagram.com\/compagnienacerabelaza\/\"]}]}<\/script>\n<!-- \/ Yoast SEO plugin. -->","yoast_head_json":{"title":"Workshops and transmission - Compagnie Nacera Belaza","robots":{"index":"index","follow":"follow","max-snippet":"max-snippet:-1","max-image-preview":"max-image-preview:large","max-video-preview":"max-video-preview:-1"},"canonical":"https:\/\/cie-nacerabelaza.com\/en\/residencies-and-sharing\/courses-and-workshops\/","og_locale":"en_US","og_type":"article","og_title":"Workshops and transmission - Compagnie Nacera Belaza","og_description":"[vc_row padding_top_multiplier=&#8221;2x&#8221; padding_bottom_multiplier=&#8221;2x&#8221; rc_bg_type=&#8221;color&#8221; rc_bg_color=&#8221;#ffffff&#8221;][vc_column][vc_column_text]For Nacera Belaza, creation and awareness-raising are part of the same artistic process. It is through these two aspects that she has built her research, perpetually associating and linking creation with artistic actions. Throughout the last twenty years, the choreographer has drawn from these actions to create her pieces and the [&hellip;]","og_url":"https:\/\/cie-nacerabelaza.com\/en\/residencies-and-sharing\/courses-and-workshops\/","og_site_name":"Compagnie Nacera Belaza","article_publisher":"https:\/\/www.facebook.com\/cienacera.belaza","article_modified_time":"2022-06-17T12:03:35+00:00","og_image":[{"width":1920,"height":1807,"url":"https:\/\/cie-nacerabelaza.com\/wp-content\/uploads\/2022\/03\/creation22\u00a9Laurent-Philippe.jpeg","type":"image\/jpeg"}],"twitter_card":"summary_large_image","twitter_misc":{"Est. reading time":"5 minutes"},"schema":{"@context":"https:\/\/schema.org","@graph":[{"@type":"WebPage","@id":"https:\/\/cie-nacerabelaza.com\/en\/residencies-and-sharing\/courses-and-workshops\/","url":"https:\/\/cie-nacerabelaza.com\/en\/residencies-and-sharing\/courses-and-workshops\/","name":"Workshops and transmission - Compagnie Nacera Belaza","isPartOf":{"@id":"https:\/\/cie-nacerabelaza.com\/#website"},"datePublished":"2022-05-12T12:02:22+00:00","dateModified":"2022-06-17T12:03:35+00:00","breadcrumb":{"@id":"https:\/\/cie-nacerabelaza.com\/en\/residencies-and-sharing\/courses-and-workshops\/#breadcrumb"},"inLanguage":"en-US","potentialAction":[{"@type":"ReadAction","target":["https:\/\/cie-nacerabelaza.com\/en\/residencies-and-sharing\/courses-and-workshops\/"]}]},{"@type":"BreadcrumbList","@id":"https:\/\/cie-nacerabelaza.com\/en\/residencies-and-sharing\/courses-and-workshops\/#breadcrumb","itemListElement":[{"@type":"ListItem","position":1,"name":"Accueil","item":"https:\/\/cie-nacerabelaza.com\/en\/"},{"@type":"ListItem","position":2,"name":"Residencies and sharing","item":"https:\/\/cie-nacerabelaza.com\/en\/residencies-and-sharing\/"},{"@type":"ListItem","position":3,"name":"Workshops and transmission"}]},{"@type":"WebSite","@id":"https:\/\/cie-nacerabelaza.com\/#website","url":"https:\/\/cie-nacerabelaza.com\/","name":"Compagnie Nacera Belaza","description":"Chor\u00e9graphe","publisher":{"@id":"https:\/\/cie-nacerabelaza.com\/#organization"},"potentialAction":[{"@type":"SearchAction","target":{"@type":"EntryPoint","urlTemplate":"https:\/\/cie-nacerabelaza.com\/?s={search_term_string}"},"query-input":{"@type":"PropertyValueSpecification","valueRequired":true,"valueName":"search_term_string"}}],"inLanguage":"en-US"},{"@type":"Organization","@id":"https:\/\/cie-nacerabelaza.com\/#organization","name":"Compagnie Nacera Belaza","url":"https:\/\/cie-nacerabelaza.com\/","logo":{"@type":"ImageObject","inLanguage":"en-US","@id":"https:\/\/cie-nacerabelaza.com\/#\/schema\/logo\/image\/","url":"https:\/\/cie-nacerabelaza.com\/wp-content\/uploads\/2022\/03\/Portrait-Nacera-Belaza-\u00a9-Isabelle-Levy-Lehmann-Version-3.jpg","contentUrl":"https:\/\/cie-nacerabelaza.com\/wp-content\/uploads\/2022\/03\/Portrait-Nacera-Belaza-\u00a9-Isabelle-Levy-Lehmann-Version-3.jpg","width":1024,"height":683,"caption":"Compagnie Nacera Belaza"},"image":{"@id":"https:\/\/cie-nacerabelaza.com\/#\/schema\/logo\/image\/"},"sameAs":["https:\/\/www.facebook.com\/cienacera.belaza","https:\/\/www.instagram.com\/compagnienacerabelaza\/"]}]}},"_links":{"self":[{"href":"https:\/\/cie-nacerabelaza.com\/en\/wp-json\/wp\/v2\/pages\/1368","targetHints":{"allow":["GET"]}}],"collection":[{"href":"https:\/\/cie-nacerabelaza.com\/en\/wp-json\/wp\/v2\/pages"}],"about":[{"href":"https:\/\/cie-nacerabelaza.com\/en\/wp-json\/wp\/v2\/types\/page"}],"author":[{"embeddable":true,"href":"https:\/\/cie-nacerabelaza.com\/en\/wp-json\/wp\/v2\/users\/1"}],"replies":[{"embeddable":true,"href":"https:\/\/cie-nacerabelaza.com\/en\/wp-json\/wp\/v2\/comments?post=1368"}],"version-history":[{"count":20,"href":"https:\/\/cie-nacerabelaza.com\/en\/wp-json\/wp\/v2\/pages\/1368\/revisions"}],"predecessor-version":[{"id":1596,"href":"https:\/\/cie-nacerabelaza.com\/en\/wp-json\/wp\/v2\/pages\/1368\/revisions\/1596"}],"up":[{"embeddable":true,"href":"https:\/\/cie-nacerabelaza.com\/en\/wp-json\/wp\/v2\/pages\/1365"}],"wp:attachment":[{"href":"https:\/\/cie-nacerabelaza.com\/en\/wp-json\/wp\/v2\/media?parent=1368"}],"curies":[{"name":"wp","href":"https:\/\/api.w.org\/{rel}","templated":true}]}}